{"id":10,"date":"2020-09-15T06:48:15","date_gmt":"2020-09-15T06:48:15","guid":{"rendered":"https:\/\/eralink.com.br\/?page_id=10"},"modified":"2022-04-22T20:12:03","modified_gmt":"2022-04-22T20:12:03","slug":"home","status":"publish","type":"page","link":"https:\/\/eralink.com.br\/","title":{"rendered":"Home"},"content":{"rendered":"\n<div class=\"wp-block-cover alignfull\" style=\"min-height:750px\"><span aria-hidden=\"true\" class=\"wp-block-cover__gradient-background has-background-dim\" style=\"background-color:#000000\"><\/span><img loading=\"lazy\" width=\"1280\" height=\"931\" class=\"wp-block-cover__image-background wp-image-161\" alt=\"sever, digitization, mainframe-3100049.jpg\" src=\"http:\/\/eralink.com.br\/wp-content\/uploads\/2022\/04\/sever-digitization-mainframe-3100049.jpg\" style=\"object-position:53% 50%\" data-object-fit=\"cover\" data-object-position=\"53% 50%\" srcset=\"https:\/\/eralink.com.br\/wp-content\/uploads\/2022\/04\/sever-digitization-mainframe-3100049.jpg 1280w, https:\/\/eralink.com.br\/wp-content\/uploads\/2022\/04\/sever-digitization-mainframe-3100049-300x218.jpg 300w, https:\/\/eralink.com.br\/wp-content\/uploads\/2022\/04\/sever-digitization-mainframe-3100049-1024x745.jpg 1024w, https:\/\/eralink.com.br\/wp-content\/uploads\/2022\/04\/sever-digitization-mainframe-3100049-768x559.jpg 768w\" sizes=\"(max-width: 1280px) 100vw, 1280px\" \/><div class=\"wp-block-cover__inner-container\">\n<h3 class=\"has-text-align-center has-text-color\" style=\"color:#ffffff\">Sua empresa precisa de uma parceria s\u00f3lida!<\/h3>\n\n\n\n<hr class=\"wp-block-separator aligncenter has-text-color has-background\" style=\"background-color:#ffffff;color:#ffffff\"\/>\n\n\n\n<h1 class=\"has-text-align-center has-text-color\" style=\"color:#ffffff\">Conhe\u00e7a a Eralink<\/h1>\n\n\n\n<div class=\"wp-container-1 wp-block-buttons\">\n<div class=\"wp-block-button\"><a class=\"wp-block-button__link\">Saiba mais<\/a><\/div>\n<\/div>\n<\/div><\/div>\n\n\n\n<div class=\"wp-container-2 wp-block-group alignfull has-ast-global-color-4-background-color has-background\"><div class=\"wp-block-group__inner-container\">\n<p class=\"has-text-align-center\">&#8220;No campo da tecnologia, a simplifica\u00e7\u00e3o \u00e9 sempre um grande avan\u00e7o.&#8221;<\/p>\n\n\n\n<p class=\"has-text-align-center has-ast-global-color-4-background-color has-background\">&#8211; Pierre Boulle<\/p>\n<\/div><\/div>\n\n\n\n<div class=\"wp-container-7 wp-block-group alignfull has-ast-global-color-5-background-color has-background\" id=\"saiba-mais\"><div class=\"wp-block-group__inner-container\">\n<h2 class=\"has-text-align-center\">Confira alguns dos nossos servi\u00e7os<\/h2>\n\n\n\n<div class=\"wp-block-columns alignwide\">\n<div class=\"wp-block-column\">\n<div class=\"wp-container-4 wp-block-group\"><div class=\"wp-block-group__inner-container\">\n<figure class=\"wp-block-gallery aligncenter has-nested-images columns-default is-cropped\">\n<figure class=\"wp-block-image size-large\"><img loading=\"lazy\" width=\"1024\" height=\"1024\" src=\"http:\/\/eralink.com.br\/wp-content\/uploads\/2022\/04\/friends-trust-friendship-1015312-1024x1024.jpg\" alt=\"friends, trust, friendship-1015312.jpg\" class=\"wp-image-169\" srcset=\"https:\/\/eralink.com.br\/wp-content\/uploads\/2022\/04\/friends-trust-friendship-1015312-1024x1024.jpg 1024w, https:\/\/eralink.com.br\/wp-content\/uploads\/2022\/04\/friends-trust-friendship-1015312-300x300.jpg 300w, https:\/\/eralink.com.br\/wp-content\/uploads\/2022\/04\/friends-trust-friendship-1015312-150x150.jpg 150w, https:\/\/eralink.com.br\/wp-content\/uploads\/2022\/04\/friends-trust-friendship-1015312-768x768.jpg 768w, https:\/\/eralink.com.br\/wp-content\/uploads\/2022\/04\/friends-trust-friendship-1015312.jpg 1280w\" sizes=\"(max-width: 1024px) 100vw, 1024px\" \/><\/figure>\n<\/figure>\n\n\n\n<h5 class=\"has-text-align-center\">Ajuda e Suporte<\/h5>\n\n\n\n<p class=\"has-text-align-center\">Atendimento em dias \u00fateis das 08:00 \u00e0s 18:00. Tel 112959-7908 ou 112991-2930<\/p>\n\n\n\n<div class=\"wp-container-3 wp-block-buttons\">\n<div class=\"wp-block-button\"><a class=\"wp-block-button__link\">suporte@eralink.com.br<\/a><\/div>\n<\/div>\n<\/div><\/div>\n<\/div>\n\n\n\n<div class=\"wp-block-column\">\n<div class=\"wp-container-6 wp-block-group\"><div class=\"wp-block-group__inner-container\">\n<div class=\"wp-block-image\"><figure class=\"aligncenter size-large\"><img loading=\"lazy\" width=\"1024\" height=\"680\" src=\"http:\/\/eralink.com.br\/wp-content\/uploads\/2022\/04\/hands-shaking-hands-company-1063442-1024x680.jpg\" alt=\"hands, shaking hands, company-1063442.jpg\" class=\"wp-image-170\" srcset=\"https:\/\/eralink.com.br\/wp-content\/uploads\/2022\/04\/hands-shaking-hands-company-1063442-1024x680.jpg 1024w, https:\/\/eralink.com.br\/wp-content\/uploads\/2022\/04\/hands-shaking-hands-company-1063442-300x199.jpg 300w, https:\/\/eralink.com.br\/wp-content\/uploads\/2022\/04\/hands-shaking-hands-company-1063442-768x510.jpg 768w, https:\/\/eralink.com.br\/wp-content\/uploads\/2022\/04\/hands-shaking-hands-company-1063442.jpg 1280w\" sizes=\"(max-width: 1024px) 100vw, 1024px\" \/><\/figure><\/div>\n\n\n\n<h5 class=\"has-text-align-center\">Projetos, Contratos e Or\u00e7amentos<\/h5>\n\n\n\n<p class=\"has-text-align-center\">Fa\u00e7a seu or\u00e7amento pelo nosso email ou nos chame via Tel 112959-7908 ou 112991-2930<\/p>\n\n\n\n<div class=\"wp-container-5 wp-block-buttons\">\n<div class=\"wp-block-button\"><a class=\"wp-block-button__link\">sales@eralink.com.br<\/a><\/div>\n<\/div>\n<\/div><\/div>\n<\/div>\n<\/div>\n<\/div><\/div>\n\n\n\n<div class=\"wp-block-cover alignfull is-light has-parallax\" style=\"background-image:url(http:\/\/eralink.com.br\/wp-content\/uploads\/2022\/04\/contact-us-contact-call-4193401.jpg);min-height:600px\"><span aria-hidden=\"true\" class=\"wp-block-cover__gradient-background has-background-dim\" style=\"background-color:#000000\"><\/span><div class=\"wp-block-cover__inner-container\">\n<div class=\"wp-block-columns alignwide are-vertically-aligned-center\">\n<div class=\"wp-block-column is-vertically-aligned-center\"><\/div>\n\n\n\n<div class=\"wp-block-column is-vertically-aligned-center\">\n<h2 class=\"has-text-color\" style=\"color:#ffffff\">Fale conosco<\/h2>\n\n\n\n<hr class=\"wp-block-separator has-text-color has-background is-style-wide\" style=\"background-color:#ffffff;color:#ffffff\"\/>\n\n\n\n<p class=\"has-text-color\" style=\"color:#ffffff\">Queremos te ouvir! Entre em contato conosco para que possamos te ajudar! Com experi\u00eancia em planejamento, suporte, ado\u00e7\u00e3o e implementa\u00e7\u00e3o de solu\u00e7\u00f5es diversas, nosso time est\u00e1 preparado para prover servi\u00e7os customizados de acordo com o prazo e com a qualidade necess\u00e1ria. Tel.: 112991-2930.<\/p>\n\n\n\n<p><\/p>\n\n\n\n<div class=\"wp-container-8 wp-block-buttons\">\n<div class=\"wp-block-button\"><a class=\"wp-block-button__link\">contato@eralink.com.br<\/a><\/div>\n<\/div>\n<\/div>\n<\/div>\n<\/div><\/div>\n\n\n\n<div class=\"wp-container-10 wp-block-group alignfull has-white-background-color has-background\"><div class=\"wp-block-group__inner-container\">\n<div class=\"wp-block-columns alignwide are-vertically-aligned-center\">\n<div class=\"wp-block-column is-vertically-aligned-center\" style=\"flex-basis:33.33%\">\n<h2>Alguns de nossos parceiros<\/h2>\n\n\n\n<p>O nosso portf\u00f3lio inclui os principais fornecedores do mercado de infraestrutura de redes de telecomunica\u00e7\u00f5es e seguran\u00e7a presentes no mercado.<\/p>\n\n\n\n<div class=\"wp-container-9 wp-block-buttons\">\n<div class=\"wp-block-button\"><a class=\"wp-block-button__link\">Saiba mais<\/a><\/div>\n<\/div>\n<\/div>\n\n\n\n<div class=\"wp-block-column is-vertically-aligned-center\" style=\"flex-basis:66.66%\">\n<figure class=\"wp-block-gallery has-nested-images columns-2\">\n<figure class=\"wp-block-image size-large\"><img loading=\"lazy\" width=\"1024\" height=\"540\" src=\"http:\/\/eralink.com.br\/wp-content\/uploads\/2022\/04\/cisco-1024x540.png\" alt=\"\" class=\"wp-image-176\" srcset=\"https:\/\/eralink.com.br\/wp-content\/uploads\/2022\/04\/cisco-1024x540.png 1024w, https:\/\/eralink.com.br\/wp-content\/uploads\/2022\/04\/cisco-300x158.png 300w, https:\/\/eralink.com.br\/wp-content\/uploads\/2022\/04\/cisco-768x405.png 768w, https:\/\/eralink.com.br\/wp-content\/uploads\/2022\/04\/cisco.png 1200w\" sizes=\"(max-width: 1024px) 100vw, 1024px\" \/><\/figure>\n\n\n\n<figure class=\"wp-block-image size-full\"><img loading=\"lazy\" width=\"600\" height=\"176\" src=\"http:\/\/eralink.com.br\/wp-content\/uploads\/2022\/04\/pfsense_logo.png\" alt=\"\" class=\"wp-image-175\" srcset=\"https:\/\/eralink.com.br\/wp-content\/uploads\/2022\/04\/pfsense_logo.png 600w, https:\/\/eralink.com.br\/wp-content\/uploads\/2022\/04\/pfsense_logo-300x88.png 300w\" sizes=\"(max-width: 600px) 100vw, 600px\" \/><\/figure>\n\n\n\n<figure class=\"wp-block-image size-full\"><img loading=\"lazy\" width=\"259\" height=\"181\" src=\"http:\/\/eralink.com.br\/wp-content\/uploads\/2022\/04\/sophos.png\" alt=\"\" class=\"wp-image-174\"\/><\/figure>\n\n\n\n<figure class=\"wp-block-image size-full\"><img loading=\"lazy\" width=\"599\" height=\"399\" src=\"http:\/\/eralink.com.br\/wp-content\/uploads\/2022\/04\/fortigate.png\" alt=\"\" class=\"wp-image-173\" srcset=\"https:\/\/eralink.com.br\/wp-content\/uploads\/2022\/04\/fortigate.png 599w, https:\/\/eralink.com.br\/wp-content\/uploads\/2022\/04\/fortigate-300x200.png 300w\" sizes=\"(max-width: 599px) 100vw, 599px\" \/><\/figure>\n<\/figure>\n<\/div>\n<\/div>\n<\/div><\/div>\n\n\n\n<p><\/p>\n","protected":false},"excerpt":{"rendered":"<p>&#8220;No campo da tecnologia, a simplifica\u00e7\u00e3o \u00e9 sempre um grande avan\u00e7o.&#8221; &#8211; Pierre Boulle Confira alguns dos nossos servi\u00e7os Ajuda e Suporte Atendimento em dias \u00fateis das 08:00 \u00e0s 18:00. Tel 112959-7908 ou 112991-2930 Projetos, Contratos e Or\u00e7amentos Fa\u00e7a seu or\u00e7amento pelo nosso email ou nos chame via Tel 112959-7908 ou 112991-2930 Alguns de nossos [&hellip;]<\/p>\n","protected":false},"author":1,"featured_media":0,"parent":0,"menu_order":0,"comment_status":"closed","ping_status":"closed","template":"","meta":{"om_disable_all_campaigns":false,"_mi_skip_tracking":false},"aioseo_notices":[],"_links":{"self":[{"href":"https:\/\/eralink.com.br\/index.php?rest_route=\/wp\/v2\/pages\/10"}],"collection":[{"href":"https:\/\/eralink.com.br\/index.php?rest_route=\/wp\/v2\/pages"}],"about":[{"href":"https:\/\/eralink.com.br\/index.php?rest_route=\/wp\/v2\/types\/page"}],"author":[{"embeddable":true,"href":"https:\/\/eralink.com.br\/index.php?rest_route=\/wp\/v2\/users\/1"}],"replies":[{"embeddable":true,"href":"https:\/\/eralink.com.br\/index.php?rest_route=%2Fwp%2Fv2%2Fcomments&post=10"}],"version-history":[{"count":11,"href":"https:\/\/eralink.com.br\/index.php?rest_route=\/wp\/v2\/pages\/10\/revisions"}],"predecessor-version":[{"id":221,"href":"https:\/\/eralink.com.br\/index.php?rest_route=\/wp\/v2\/pages\/10\/revisions\/221"}],"wp:attachment":[{"href":"https:\/\/eralink.com.br\/index.php?rest_route=%2Fwp%2Fv2%2Fmedia&parent=10"}],"curies":[{"name":"wp","href":"https:\/\/api.w.org\/{rel}","templated":true}]}}