{"id":129,"date":"2020-09-15T06:48:29","date_gmt":"2020-09-15T06:48:29","guid":{"rendered":"https:\/\/eralink.com.br\/?page_id=129"},"modified":"2022-04-22T20:13:23","modified_gmt":"2022-04-22T20:13:23","slug":"about","status":"publish","type":"page","link":"https:\/\/eralink.com.br\/?page_id=129","title":{"rendered":"About"},"content":{"rendered":"\n<div class=\"wp-block-cover alignfull\" style=\"min-height:550px\"><span aria-hidden=\"true\" class=\"wp-block-cover__gradient-background has-background-dim\" style=\"background-color:#000000\"><\/span><img loading=\"lazy\" width=\"1280\" height=\"720\" class=\"wp-block-cover__image-background wp-image-211\" alt=\"background, dna, genetics-7111049.jpg\" src=\"http:\/\/eralink.com.br\/wp-content\/uploads\/2022\/04\/background-dna-genetics-7111049.jpg\" style=\"object-position:51% 50%\" data-object-fit=\"cover\" data-object-position=\"51% 50%\" srcset=\"https:\/\/eralink.com.br\/wp-content\/uploads\/2022\/04\/background-dna-genetics-7111049.jpg 1280w, https:\/\/eralink.com.br\/wp-content\/uploads\/2022\/04\/background-dna-genetics-7111049-300x169.jpg 300w, https:\/\/eralink.com.br\/wp-content\/uploads\/2022\/04\/background-dna-genetics-7111049-1024x576.jpg 1024w, https:\/\/eralink.com.br\/wp-content\/uploads\/2022\/04\/background-dna-genetics-7111049-768x432.jpg 768w\" sizes=\"(max-width: 1280px) 100vw, 1280px\" \/><div class=\"wp-block-cover__inner-container\">\n<h1 class=\"has-text-align-center has-text-color\" style=\"color:#ffffff\">Sobre n\u00f3s<\/h1>\n<\/div><\/div>\n\n\n\n<div class=\"wp-container-1 wp-block-group alignfull has-white-background-color has-background\"><div class=\"wp-block-group__inner-container\">\n<div class=\"wp-block-media-text has-media-on-the-right is-stacked-on-mobile is-vertically-aligned-center alignwide\" style=\"grid-template-columns:auto 44%\"><figure class=\"wp-block-media-text__media\"><img loading=\"lazy\" width=\"1024\" height=\"576\" src=\"http:\/\/eralink.com.br\/wp-content\/uploads\/2022\/04\/avatar-clients-customers-2191918-1024x576.png\" alt=\"avatar, clients, customers-2191918.jpg\" class=\"wp-image-208 size-full\" srcset=\"https:\/\/eralink.com.br\/wp-content\/uploads\/2022\/04\/avatar-clients-customers-2191918-1024x576.png 1024w, https:\/\/eralink.com.br\/wp-content\/uploads\/2022\/04\/avatar-clients-customers-2191918-300x169.png 300w, https:\/\/eralink.com.br\/wp-content\/uploads\/2022\/04\/avatar-clients-customers-2191918-768x432.png 768w, https:\/\/eralink.com.br\/wp-content\/uploads\/2022\/04\/avatar-clients-customers-2191918.png 1280w\" sizes=\"(max-width: 1024px) 100vw, 1024px\" \/><\/figure><div class=\"wp-block-media-text__content\">\n<h2>Quem somos?<\/h2>\n\n\n\n<p><strong><em>Somos uma empresa com olhar humano e acreditamos na transforma\u00e7\u00e3o digital<\/em><\/strong><\/p>\n\n\n\n<p>Agregar valores nos neg\u00f3cios dos nossos clientes o nosso prop\u00f3sito \u00e9 facilitar o dia a dia dos nossos colaboradores, fornecedores e parceiros de neg\u00f3cios.<\/p>\n\n\n\n<p><\/p>\n<\/div><\/div>\n<\/div><\/div>\n\n\n\n<div class=\"wp-container-2 wp-block-group alignfull has-ast-global-color-4-background-color has-background\"><div class=\"wp-block-group__inner-container\">\n<div class=\"wp-block-columns alignwide\">\n<div class=\"wp-block-column\">\n<h4>Nossas cren\u00e7as<\/h4>\n\n\n\n<p>S\u00e3o baseadas em quatro pilares: Dignidade,<br>honestidade, melhoria cont\u00ednua e satisfa\u00e7\u00e3o.<\/p>\n\n\n\n<p><\/p>\n<\/div>\n\n\n\n<div class=\"wp-block-column\">\n<h4>Servi\u00e7os competitivos<\/h4>\n\n\n\n<p>Baseado nos tr\u00eas pilares nosso<br>diferencial competitivo que temos<br>profissionais qualificados para atender<br>todas as necessidades tecnol\u00f3gicas e<br>processuais em todo o territ\u00f3rio<br>nacional.<\/p>\n\n\n\n<p><\/p>\n<\/div>\n<\/div>\n<\/div><\/div>\n","protected":false},"excerpt":{"rendered":"<p>Quem somos? Somos uma empresa com olhar humano e acreditamos na transforma\u00e7\u00e3o digital Agregar valores nos neg\u00f3cios dos nossos clientes o nosso prop\u00f3sito \u00e9 facilitar o dia a dia dos nossos colaboradores, fornecedores e parceiros de neg\u00f3cios. Nossas cren\u00e7as S\u00e3o baseadas em quatro pilares: Dignidade,honestidade, melhoria cont\u00ednua e satisfa\u00e7\u00e3o. Servi\u00e7os competitivos Baseado nos tr\u00eas pilares [&hellip;]<\/p>\n","protected":false},"author":1,"featured_media":0,"parent":0,"menu_order":0,"comment_status":"closed","ping_status":"closed","template":"","meta":{"om_disable_all_campaigns":false,"_mi_skip_tracking":false},"aioseo_notices":[],"_links":{"self":[{"href":"https:\/\/eralink.com.br\/index.php?rest_route=\/wp\/v2\/pages\/129"}],"collection":[{"href":"https:\/\/eralink.com.br\/index.php?rest_route=\/wp\/v2\/pages"}],"about":[{"href":"https:\/\/eralink.com.br\/index.php?rest_route=\/wp\/v2\/types\/page"}],"author":[{"embeddable":true,"href":"https:\/\/eralink.com.br\/index.php?rest_route=\/wp\/v2\/users\/1"}],"replies":[{"embeddable":true,"href":"https:\/\/eralink.com.br\/index.php?rest_route=%2Fwp%2Fv2%2Fcomments&post=129"}],"version-history":[{"count":5,"href":"https:\/\/eralink.com.br\/index.php?rest_route=\/wp\/v2\/pages\/129\/revisions"}],"predecessor-version":[{"id":222,"href":"https:\/\/eralink.com.br\/index.php?rest_route=\/wp\/v2\/pages\/129\/revisions\/222"}],"wp:attachment":[{"href":"https:\/\/eralink.com.br\/index.php?rest_route=%2Fwp%2Fv2%2Fmedia&parent=129"}],"curies":[{"name":"wp","href":"https:\/\/api.w.org\/{rel}","templated":true}]}}