{"id":9,"date":"2020-09-15T06:49:03","date_gmt":"2020-09-15T06:49:03","guid":{"rendered":"https:\/\/eralink.com.br\/?page_id=9"},"modified":"2022-08-12T15:12:08","modified_gmt":"2022-08-12T15:12:08","slug":"contact","status":"publish","type":"page","link":"https:\/\/eralink.com.br\/?page_id=9","title":{"rendered":"Contato"},"content":{"rendered":"\n<div class=\"wp-block-cover alignfull\" style=\"min-height:550px\"><span aria-hidden=\"true\" class=\"wp-block-cover__gradient-background has-background-dim\" style=\"background-color:#000000\"><\/span><img loading=\"lazy\" width=\"1280\" height=\"847\" class=\"wp-block-cover__image-background wp-image-187\" alt=\"contact us, contact, email-2993000.jpg\" src=\"http:\/\/eralink.com.br\/wp-content\/uploads\/2022\/04\/contact-us-contact-email-2993000.jpg\" data-object-fit=\"cover\" srcset=\"https:\/\/eralink.com.br\/wp-content\/uploads\/2022\/04\/contact-us-contact-email-2993000.jpg 1280w, https:\/\/eralink.com.br\/wp-content\/uploads\/2022\/04\/contact-us-contact-email-2993000-300x199.jpg 300w, https:\/\/eralink.com.br\/wp-content\/uploads\/2022\/04\/contact-us-contact-email-2993000-1024x678.jpg 1024w, https:\/\/eralink.com.br\/wp-content\/uploads\/2022\/04\/contact-us-contact-email-2993000-768x508.jpg 768w\" sizes=\"(max-width: 1280px) 100vw, 1280px\" \/><div class=\"wp-block-cover__inner-container\">\n<h1 class=\"has-text-align-center has-text-color\" style=\"color:#ffffff\">Entre em contato conosco<\/h1>\n<\/div><\/div>\n\n\n\n<div class=\"wp-container-3 wp-block-group alignfull has-white-background-color has-background\"><div class=\"wp-block-group__inner-container\">\n<div class=\"wp-block-columns are-vertically-aligned-center\">\n<div class=\"wp-block-column is-vertically-aligned-center\">\n<h2>Estamos no seu aguardo<\/h2>\n\n\n<\/div>\n\n\n\n<div class=\"wp-block-column is-vertically-aligned-center\">\n<div class=\"wp-container-2 wp-block-group\"><div class=\"wp-block-group__inner-container\">\n<h2>Informa\u00e7\u00f5es de contato<\/h2>\n\n\n\n<p><strong>Endere\u00e7o<\/strong><br>Rua Alfredo Pujol, 545 &#8211; Sl 43<\/p>\n\n\n\n<p><strong>Email<\/strong><br>contato@eralink.com.br<\/p>\n\n\n\n<p><strong>Telefone<\/strong><br>+55 11 2991-2930<\/p>\n\n\n\n<ul class=\"wp-container-1 wp-block-social-links\"><li class=\"wp-social-link wp-social-link-facebook wp-block-social-link\"><a href=\"https:\/\/www.facebook.com\/\" aria-label=\"Facebook: https:\/\/www.facebook.com\/\"  class=\"wp-block-social-link-anchor\"> <svg width=\"24\" height=\"24\" viewBox=\"0 0 24 24\" version=\"1.1\" xmlns=\"http:\/\/www.w3.org\/2000\/svg\" role=\"img\" aria-hidden=\"true\" focusable=\"false\"><path d=\"M12 2C6.5 2 2 6.5 2 12c0 5 3.7 9.1 8.4 9.9v-7H7.9V12h2.5V9.8c0-2.5 1.5-3.9 3.8-3.9 1.1 0 2.2.2 2.2.2v2.5h-1.3c-1.2 0-1.6.8-1.6 1.6V12h2.8l-.4 2.9h-2.3v7C18.3 21.1 22 17 22 12c0-5.5-4.5-10-10-10z\"><\/path><\/svg><\/a><\/li>\n\n<li class=\"wp-social-link wp-social-link-twitter wp-block-social-link\"><a href=\"https:\/\/twitter.com\/\" aria-label=\"Twitter: https:\/\/twitter.com\/\"  class=\"wp-block-social-link-anchor\"> <svg width=\"24\" height=\"24\" viewBox=\"0 0 24 24\" version=\"1.1\" xmlns=\"http:\/\/www.w3.org\/2000\/svg\" role=\"img\" aria-hidden=\"true\" focusable=\"false\"><path d=\"M22.23,5.924c-0.736,0.326-1.527,0.547-2.357,0.646c0.847-0.508,1.498-1.312,1.804-2.27 c-0.793,0.47-1.671,0.812-2.606,0.996C18.324,4.498,17.257,4,16.077,4c-2.266,0-4.103,1.837-4.103,4.103 c0,0.322,0.036,0.635,0.106,0.935C8.67,8.867,5.647,7.234,3.623,4.751C3.27,5.357,3.067,6.062,3.067,6.814 c0,1.424,0.724,2.679,1.825,3.415c-0.673-0.021-1.305-0.206-1.859-0.513c0,0.017,0,0.034,0,0.052c0,1.988,1.414,3.647,3.292,4.023 c-0.344,0.094-0.707,0.144-1.081,0.144c-0.264,0-0.521-0.026-0.772-0.074c0.522,1.63,2.038,2.816,3.833,2.85 c-1.404,1.1-3.174,1.756-5.096,1.756c-0.331,0-0.658-0.019-0.979-0.057c1.816,1.164,3.973,1.843,6.29,1.843 c7.547,0,11.675-6.252,11.675-11.675c0-0.178-0.004-0.355-0.012-0.531C20.985,7.47,21.68,6.747,22.23,5.924z\"><\/path><\/svg><\/a><\/li><\/ul>\n<\/div><\/div>\n<\/div>\n<\/div>\n<\/div><\/div>\n\n\n\n<p><\/p>\n","protected":false},"excerpt":{"rendered":"<p>Estamos no seu aguardo Informa\u00e7\u00f5es de contato Endere\u00e7oRua Alfredo Pujol, 545 &#8211; Sl 43 Emailcontato@eralink.com.br Telefone+55 11 2991-2930<\/p>\n","protected":false},"author":1,"featured_media":0,"parent":0,"menu_order":0,"comment_status":"closed","ping_status":"closed","template":"","meta":{"om_disable_all_campaigns":false,"_mi_skip_tracking":false},"aioseo_notices":[],"_links":{"self":[{"href":"https:\/\/eralink.com.br\/index.php?rest_route=\/wp\/v2\/pages\/9"}],"collection":[{"href":"https:\/\/eralink.com.br\/index.php?rest_route=\/wp\/v2\/pages"}],"about":[{"href":"https:\/\/eralink.com.br\/index.php?rest_route=\/wp\/v2\/types\/page"}],"author":[{"embeddable":true,"href":"https:\/\/eralink.com.br\/index.php?rest_route=\/wp\/v2\/users\/1"}],"replies":[{"embeddable":true,"href":"https:\/\/eralink.com.br\/index.php?rest_route=%2Fwp%2Fv2%2Fcomments&post=9"}],"version-history":[{"count":8,"href":"https:\/\/eralink.com.br\/index.php?rest_route=\/wp\/v2\/pages\/9\/revisions"}],"predecessor-version":[{"id":233,"href":"https:\/\/eralink.com.br\/index.php?rest_route=\/wp\/v2\/pages\/9\/revisions\/233"}],"wp:attachment":[{"href":"https:\/\/eralink.com.br\/index.php?rest_route=%2Fwp%2Fv2%2Fmedia&parent=9"}],"curies":[{"name":"wp","href":"https:\/\/api.w.org\/{rel}","templated":true}]}}